{"id":1291,"date":"2016-12-23T10:18:57","date_gmt":"2016-12-23T09:18:57","guid":{"rendered":"http:\/\/www.erbbrot.it\/?page_id=1291\/"},"modified":"2017-02-14T17:06:03","modified_gmt":"2017-02-14T16:06:03","slug":"personalisierungen","status":"publish","type":"page","link":"https:\/\/www.erbbrot.it\/de\/personalisierungen\/","title":{"rendered":"Personalisierungen"},"content":{"rendered":"<p>Ein Wunsch, ein Gedanke, das Perfekte entsteht: die Konditorei Erb bietet ein \u00fcber Jahre geschultes, kreatives Know-How zur vollendeten Gestaltung Ihrer Wunschtorte oder Ihres Traumkuchens. Ob klassisch, in Herzform, mit Blumendekor, Marzipan, Zuckerglassur oder Motiven nach Ihren W\u00fcnschen, mit Ihrem Foto, dem Logo Ihres Unternehmens, mehrst\u00f6ckig, fruchtig oder verspielt: Wir beraten sie umfassend und nehmen uns gerne f\u00fcr Sie Zeit.<\/p>\n<p><strong>Fototorten<\/strong><br \/>\nWir drucken Ihr Wunschfoto mit unserem Spezialdrucker und brillanten Farben auf die von Ihnen ausgew\u00e4hlte Torte. Das perfekte Kunstwerk zum Anbei\u00dfen!<\/p>\n<p><strong>Geburtstag<br \/>\n<\/strong>Ein Geschenk soll etwas besonderes, ganz pers\u00f6nliches sein. Wir setzen Ihre individuellen Vorstellungen um &#8211; eine unvergessliche Geburtstags\u00fcberraschung!<strong><br \/>\n<\/strong><\/p>\n<p><strong>Familienfeste<\/strong><br \/>\nTaufe, Kommunion, Firmung &#8211; mit feinem Festtagsleckereien vers\u00fc\u00dfen wir einmalige Familienerlebnisse!<\/p>\n<p><strong>Events\/Anl\u00e4sse<br \/>\n<\/strong>Verw\u00f6hnen Sie Ihre G\u00e4ste mit unseren raffinierten Dessertkreationen im eleganten Becher als fruchtige Vitaminabwechslung bei Tagungen oder Stehempf\u00e4ngen!<\/p>\n","protected":false},"excerpt":{"rendered":"<p>Ein Wunsch, ein Gedanke, das Perfekte entsteht: die Konditorei Erb bietet ein \u00fcber Jahre geschultes, kreatives Know-How zur vollendeten Gestaltung Ihrer Wunschtorte oder Ihres Traumkuchens. Ob klassisch, in Herzform, mit Blumendekor, Marzipan, Zuckerglassur oder Motiven nach Ihren W\u00fcnschen, mit Ihrem Foto, dem Logo Ihres Unternehmens, mehrst\u00f6ckig, fruchtig oder verspielt: Wir beraten sie umfassend und nehmen [&hellip;]<\/p>\n","protected":false},"author":1,"featured_media":0,"parent":0,"menu_order":0,"comment_status":"closed","ping_status":"closed","template":"","meta":{"_acf_changed":false,"footnotes":""},"acf":[],"yoast_head":"<!-- This site is optimized with the Yoast SEO plugin v22.1 - https:\/\/yoast.com\/wordpress\/plugins\/seo\/ -->\n<title>Personalisierungen - Erb Meran<\/title>\n<meta name=\"robots\" content=\"index, follow, max-snippet:-1, max-image-preview:large, max-video-preview:-1\" \/>\n<link rel=\"canonical\" href=\"https:\/\/www.erbbrot.it\/de\/personalisierungen\/\" \/>\n<meta property=\"og:locale\" content=\"de_DE\" \/>\n<meta property=\"og:type\" content=\"article\" \/>\n<meta property=\"og:title\" content=\"Personalisierungen - Erb Meran\" \/>\n<meta property=\"og:description\" content=\"Ein Wunsch, ein Gedanke, das Perfekte entsteht: die Konditorei Erb bietet ein \u00fcber Jahre geschultes, kreatives Know-How zur vollendeten Gestaltung Ihrer Wunschtorte oder Ihres Traumkuchens. Ob klassisch, in Herzform, mit Blumendekor, Marzipan, Zuckerglassur oder Motiven nach Ihren W\u00fcnschen, mit Ihrem Foto, dem Logo Ihres Unternehmens, mehrst\u00f6ckig, fruchtig oder verspielt: Wir beraten sie umfassend und nehmen [&hellip;]\" \/>\n<meta property=\"og:url\" content=\"https:\/\/www.erbbrot.it\/de\/personalisierungen\/\" \/>\n<meta property=\"og:site_name\" content=\"Erb Meran\" \/>\n<meta property=\"article:publisher\" content=\"https:\/\/www.facebook.com\/Erbbrot\/\" \/>\n<meta property=\"article:modified_time\" content=\"2017-02-14T16:06:03+00:00\" \/>\n<meta name=\"twitter:card\" content=\"summary_large_image\" \/>\n<meta name=\"twitter:label1\" content=\"Est. reading time\" \/>\n\t<meta name=\"twitter:data1\" content=\"1 Minute\" \/>\n<script type=\"application\/ld+json\" class=\"yoast-schema-graph\">{\"@context\":\"https:\/\/schema.org\",\"@graph\":[{\"@type\":\"WebPage\",\"@id\":\"https:\/\/www.erbbrot.it\/de\/personalisierungen\/\",\"url\":\"https:\/\/www.erbbrot.it\/de\/personalisierungen\/\",\"name\":\"Personalisierungen - Erb Meran\",\"isPartOf\":{\"@id\":\"https:\/\/www.erbbrot.it\/de\/#website\"},\"datePublished\":\"2016-12-23T09:18:57+00:00\",\"dateModified\":\"2017-02-14T16:06:03+00:00\",\"breadcrumb\":{\"@id\":\"https:\/\/www.erbbrot.it\/de\/personalisierungen\/#breadcrumb\"},\"inLanguage\":\"de-DE\",\"potentialAction\":[{\"@type\":\"ReadAction\",\"target\":[\"https:\/\/www.erbbrot.it\/de\/personalisierungen\/\"]}]},{\"@type\":\"BreadcrumbList\",\"@id\":\"https:\/\/www.erbbrot.it\/de\/personalisierungen\/#breadcrumb\",\"itemListElement\":[{\"@type\":\"ListItem\",\"position\":1,\"name\":\"Startseite\",\"item\":\"https:\/\/www.erbbrot.it\/de\/\"},{\"@type\":\"ListItem\",\"position\":2,\"name\":\"Personalisierungen\"}]},{\"@type\":\"WebSite\",\"@id\":\"https:\/\/www.erbbrot.it\/de\/#website\",\"url\":\"https:\/\/www.erbbrot.it\/de\/\",\"name\":\"Erb Meran\",\"description\":\"Die Meraner Handwerksb\u00e4ckerei und -konditorei\",\"publisher\":{\"@id\":\"https:\/\/www.erbbrot.it\/de\/#organization\"},\"potentialAction\":[{\"@type\":\"SearchAction\",\"target\":{\"@type\":\"EntryPoint\",\"urlTemplate\":\"https:\/\/www.erbbrot.it\/de\/?s={search_term_string}\"},\"query-input\":\"required name=search_term_string\"}],\"inLanguage\":\"de-DE\"},{\"@type\":\"Organization\",\"@id\":\"https:\/\/www.erbbrot.it\/de\/#organization\",\"name\":\"Erb GmbH\",\"url\":\"https:\/\/www.erbbrot.it\/de\/\",\"logo\":{\"@type\":\"ImageObject\",\"inLanguage\":\"de-DE\",\"@id\":\"https:\/\/www.erbbrot.it\/de\/#\/schema\/logo\/image\/\",\"url\":\"https:\/\/www.erbbrot.it\/wp-content\/uploads\/favicon-v4.png\",\"contentUrl\":\"https:\/\/www.erbbrot.it\/wp-content\/uploads\/favicon-v4.png\",\"width\":200,\"height\":200,\"caption\":\"Erb GmbH\"},\"image\":{\"@id\":\"https:\/\/www.erbbrot.it\/de\/#\/schema\/logo\/image\/\"},\"sameAs\":[\"https:\/\/www.facebook.com\/Erbbrot\/\"]}]}<\/script>\n<!-- \/ Yoast SEO plugin. -->","yoast_head_json":{"title":"Personalisierungen - Erb Meran","robots":{"index":"index","follow":"follow","max-snippet":"max-snippet:-1","max-image-preview":"max-image-preview:large","max-video-preview":"max-video-preview:-1"},"canonical":"https:\/\/www.erbbrot.it\/de\/personalisierungen\/","og_locale":"de_DE","og_type":"article","og_title":"Personalisierungen - Erb Meran","og_description":"Ein Wunsch, ein Gedanke, das Perfekte entsteht: die Konditorei Erb bietet ein \u00fcber Jahre geschultes, kreatives Know-How zur vollendeten Gestaltung Ihrer Wunschtorte oder Ihres Traumkuchens. Ob klassisch, in Herzform, mit Blumendekor, Marzipan, Zuckerglassur oder Motiven nach Ihren W\u00fcnschen, mit Ihrem Foto, dem Logo Ihres Unternehmens, mehrst\u00f6ckig, fruchtig oder verspielt: Wir beraten sie umfassend und nehmen [&hellip;]","og_url":"https:\/\/www.erbbrot.it\/de\/personalisierungen\/","og_site_name":"Erb Meran","article_publisher":"https:\/\/www.facebook.com\/Erbbrot\/","article_modified_time":"2017-02-14T16:06:03+00:00","twitter_card":"summary_large_image","twitter_misc":{"Est. reading time":"1 Minute"},"schema":{"@context":"https:\/\/schema.org","@graph":[{"@type":"WebPage","@id":"https:\/\/www.erbbrot.it\/de\/personalisierungen\/","url":"https:\/\/www.erbbrot.it\/de\/personalisierungen\/","name":"Personalisierungen - Erb Meran","isPartOf":{"@id":"https:\/\/www.erbbrot.it\/de\/#website"},"datePublished":"2016-12-23T09:18:57+00:00","dateModified":"2017-02-14T16:06:03+00:00","breadcrumb":{"@id":"https:\/\/www.erbbrot.it\/de\/personalisierungen\/#breadcrumb"},"inLanguage":"de-DE","potentialAction":[{"@type":"ReadAction","target":["https:\/\/www.erbbrot.it\/de\/personalisierungen\/"]}]},{"@type":"BreadcrumbList","@id":"https:\/\/www.erbbrot.it\/de\/personalisierungen\/#breadcrumb","itemListElement":[{"@type":"ListItem","position":1,"name":"Startseite","item":"https:\/\/www.erbbrot.it\/de\/"},{"@type":"ListItem","position":2,"name":"Personalisierungen"}]},{"@type":"WebSite","@id":"https:\/\/www.erbbrot.it\/de\/#website","url":"https:\/\/www.erbbrot.it\/de\/","name":"Erb Meran","description":"Die Meraner Handwerksb\u00e4ckerei und -konditorei","publisher":{"@id":"https:\/\/www.erbbrot.it\/de\/#organization"},"potentialAction":[{"@type":"SearchAction","target":{"@type":"EntryPoint","urlTemplate":"https:\/\/www.erbbrot.it\/de\/?s={search_term_string}"},"query-input":"required name=search_term_string"}],"inLanguage":"de-DE"},{"@type":"Organization","@id":"https:\/\/www.erbbrot.it\/de\/#organization","name":"Erb GmbH","url":"https:\/\/www.erbbrot.it\/de\/","logo":{"@type":"ImageObject","inLanguage":"de-DE","@id":"https:\/\/www.erbbrot.it\/de\/#\/schema\/logo\/image\/","url":"https:\/\/www.erbbrot.it\/wp-content\/uploads\/favicon-v4.png","contentUrl":"https:\/\/www.erbbrot.it\/wp-content\/uploads\/favicon-v4.png","width":200,"height":200,"caption":"Erb GmbH"},"image":{"@id":"https:\/\/www.erbbrot.it\/de\/#\/schema\/logo\/image\/"},"sameAs":["https:\/\/www.facebook.com\/Erbbrot\/"]}]}},"_links":{"self":[{"href":"https:\/\/www.erbbrot.it\/de\/wp-json\/wp\/v2\/pages\/1291"}],"collection":[{"href":"https:\/\/www.erbbrot.it\/de\/wp-json\/wp\/v2\/pages"}],"about":[{"href":"https:\/\/www.erbbrot.it\/de\/wp-json\/wp\/v2\/types\/page"}],"author":[{"embeddable":true,"href":"https:\/\/www.erbbrot.it\/de\/wp-json\/wp\/v2\/users\/1"}],"replies":[{"embeddable":true,"href":"https:\/\/www.erbbrot.it\/de\/wp-json\/wp\/v2\/comments?post=1291"}],"version-history":[{"count":6,"href":"https:\/\/www.erbbrot.it\/de\/wp-json\/wp\/v2\/pages\/1291\/revisions"}],"predecessor-version":[{"id":3762,"href":"https:\/\/www.erbbrot.it\/de\/wp-json\/wp\/v2\/pages\/1291\/revisions\/3762"}],"wp:attachment":[{"href":"https:\/\/www.erbbrot.it\/de\/wp-json\/wp\/v2\/media?parent=1291"}],"curies":[{"name":"wp","href":"https:\/\/api.w.org\/{rel}","templated":true}]}}