{"id":1293,"date":"2016-12-23T10:19:05","date_gmt":"2016-12-23T09:19:05","guid":{"rendered":"http:\/\/www.erbbrot.it\/?page_id=1293\/"},"modified":"2020-11-13T16:28:58","modified_gmt":"2020-11-13T15:28:58","slug":"lieferservice","status":"publish","type":"page","link":"https:\/\/www.erbbrot.it\/de\/lieferservice\/","title":{"rendered":"Lieferservice"},"content":{"rendered":"<h2>Fr\u00fchst\u00fcckslieferservice<\/h2>\n<p><a href=\" https:\/\/www.erbbrot.it\/de\/erb-fruehstueckslieferung\/\"><img loading=\"lazy\" decoding=\"async\" class=\"alignright wp-image-6174\" src=\"https:\/\/www.erbbrot.it\/wp-content\/uploads\/slider-fruehstueck_1.jpg\" alt=\"\" width=\"400\" height=\"200\" data-headline=\"Slider-Fruehstueck_1\" srcset=\"https:\/\/www.erbbrot.it\/wp-content\/uploads\/slider-fruehstueck_1.jpg 620w, https:\/\/www.erbbrot.it\/wp-content\/uploads\/slider-fruehstueck_1-300x150.jpg 300w, https:\/\/www.erbbrot.it\/wp-content\/uploads\/slider-fruehstueck_1-600x300.jpg 600w, https:\/\/www.erbbrot.it\/wp-content\/uploads\/slider-fruehstueck_1-420x210.jpg 420w, https:\/\/www.erbbrot.it\/wp-content\/uploads\/slider-fruehstueck_1-450x225.jpg 450w, https:\/\/www.erbbrot.it\/wp-content\/uploads\/slider-fruehstueck_1-455x228.jpg 455w\" sizes=\"(max-width: 400px) 100vw, 400px\" \/><\/a><\/p>\n<p><strong>Wir LIEFERN zum VERW\u00d6HNEN!<\/strong><br \/>\n\u00dcberraschen Sie Ihre Lieben mit einem Genie\u00dfer-FR\u00dcHST\u00dcCK frisch aus der Meraner Handwerksb\u00e4ckerei!!!<\/p>\n<p>Wir liefern zwischen <strong>7<\/strong> und <strong>10<\/strong> Uhr oder nach Vereinbarung<\/p>\n<p><strong>Wir freuen uns auf eure BESTELLUNG:<i class=\"otgs-ico-refresh js-otgs-popover-tooltip tippy-active\" tabindex=\"0\" aria-describedby=\"tippy-2\"><\/i><\/strong><br \/>\nTel. 0473 230655 oder <a href=\"mailto:bestellung@erbbrot.it\">bestellung@erbbrot.it<\/a><\/p>\n<p><a href=\"https:\/\/www.erbbrot.it\/de\/erb-fruehstueckslieferung\/\">Mehr erfahren&#8230;<\/a><\/p>\n<hr \/>\n<h2>Tortenlieferservice<a href=\"https:\/\/www.erbbrot.it\/de\/myerb\/\"><img loading=\"lazy\" decoding=\"async\" class=\"alignright wp-image-6121\" src=\"https:\/\/www.erbbrot.it\/wp-content\/uploads\/my-erb-620x310_kuchenlieferung-300x150.png\" alt=\"\" width=\"400\" height=\"200\" data-headline=\"My-Erb-620x310_Kuchenlieferung\" srcset=\"https:\/\/www.erbbrot.it\/wp-content\/uploads\/my-erb-620x310_kuchenlieferung-300x150.png 300w, https:\/\/www.erbbrot.it\/wp-content\/uploads\/my-erb-620x310_kuchenlieferung-600x300.png 600w, https:\/\/www.erbbrot.it\/wp-content\/uploads\/my-erb-620x310_kuchenlieferung-420x210.png 420w, https:\/\/www.erbbrot.it\/wp-content\/uploads\/my-erb-620x310_kuchenlieferung.png 620w, https:\/\/www.erbbrot.it\/wp-content\/uploads\/my-erb-620x310_kuchenlieferung-450x225.png 450w, https:\/\/www.erbbrot.it\/wp-content\/uploads\/my-erb-620x310_kuchenlieferung-455x228.png 455w\" sizes=\"(max-width: 400px) 100vw, 400px\" \/><\/a><\/h2>\n<p>Wir liefern handgemachte Torten zu Ihnen nach Hause<br \/>\n(Meran und Umgebung).<\/p>\n<p><strong>Wir freuen uns auf eure BESTELLUNG:<\/strong><br \/>\nTel. 0473 230655 oder <a href=\"mailto:bestellung@erbbrot.it\">bestellung@erbbrot.it<\/a><\/p>\n<p>&nbsp;<\/p>\n<p>&nbsp;<\/p>\n<hr \/>\n<h2>Unser Hotelservice l\u00e4sst keine W\u00fcnsche offen.<\/h2>\n<p>Wir haben uns drauf spezialisiert, t\u00e4glich frisches Brot und Geb\u00e4ck zu liefern &#8211; auch sonntags! So k\u00f6nnen die G\u00e4ste, die unsere sch\u00f6ne Stadt besuchen, ein St\u00fcck Meraner Backtradition schon beim Fr\u00fchst\u00fcck genie\u00dfen. Selbstverst\u00e4ndlich liefern wir auch zu Veranstaltungen termingerecht unsere frischen Produkte. Wir nehmen uns gerne die Zeit, um Sie kompetent und ausf\u00fchrlich zu beraten.<\/p>\n<p>&nbsp;<\/p>\n","protected":false},"excerpt":{"rendered":"<p>Fr\u00fchst\u00fcckslieferservice Wir LIEFERN zum VERW\u00d6HNEN! \u00dcberraschen Sie Ihre Lieben mit einem Genie\u00dfer-FR\u00dcHST\u00dcCK frisch aus der Meraner Handwerksb\u00e4ckerei!!! Wir liefern zwischen 7 und 10 Uhr oder nach Vereinbarung Wir freuen uns auf eure BESTELLUNG: Tel. 0473 230655 oder bestellung@erbbrot.it Mehr erfahren&#8230; Tortenlieferservice Wir liefern handgemachte Torten zu Ihnen nach Hause (Meran und Umgebung). Wir freuen uns [&hellip;]<\/p>\n","protected":false},"author":1,"featured_media":2745,"parent":0,"menu_order":0,"comment_status":"closed","ping_status":"closed","template":"","meta":{"_acf_changed":false,"footnotes":""},"acf":[],"yoast_head":"<!-- This site is optimized with the Yoast SEO plugin v22.1 - https:\/\/yoast.com\/wordpress\/plugins\/seo\/ -->\n<title>Gastroservice, Lieferservice, Hotelservice | Erbbrot Meran - S\u00fcdtirol<\/title>\n<meta name=\"robots\" content=\"index, follow, max-snippet:-1, max-image-preview:large, max-video-preview:-1\" \/>\n<link rel=\"canonical\" href=\"https:\/\/www.erbbrot.it\/de\/lieferservice\/\" \/>\n<meta property=\"og:locale\" content=\"de_DE\" \/>\n<meta property=\"og:type\" content=\"article\" \/>\n<meta property=\"og:title\" content=\"Gastroservice, Lieferservice, Hotelservice | Erbbrot Meran - S\u00fcdtirol\" \/>\n<meta property=\"og:description\" content=\"Fr\u00fchst\u00fcckslieferservice Wir LIEFERN zum VERW\u00d6HNEN! \u00dcberraschen Sie Ihre Lieben mit einem Genie\u00dfer-FR\u00dcHST\u00dcCK frisch aus der Meraner Handwerksb\u00e4ckerei!!! Wir liefern zwischen 7 und 10 Uhr oder nach Vereinbarung Wir freuen uns auf eure BESTELLUNG: Tel. 0473 230655 oder bestellung@erbbrot.it Mehr erfahren&#8230; Tortenlieferservice Wir liefern handgemachte Torten zu Ihnen nach Hause (Meran und Umgebung). Wir freuen uns [&hellip;]\" \/>\n<meta property=\"og:url\" content=\"https:\/\/www.erbbrot.it\/de\/lieferservice\/\" \/>\n<meta property=\"og:site_name\" content=\"Erb Meran\" \/>\n<meta property=\"article:publisher\" content=\"https:\/\/www.facebook.com\/Erbbrot\/\" \/>\n<meta property=\"article:modified_time\" content=\"2020-11-13T15:28:58+00:00\" \/>\n<meta property=\"og:image\" content=\"https:\/\/www.erbbrot.it\/wp-content\/uploads\/lieferservice.jpg\" \/>\n\t<meta property=\"og:image:width\" content=\"1920\" \/>\n\t<meta property=\"og:image:height\" content=\"1245\" \/>\n\t<meta property=\"og:image:type\" content=\"image\/jpeg\" \/>\n<meta name=\"twitter:card\" content=\"summary_large_image\" \/>\n<meta name=\"twitter:label1\" content=\"Est. reading time\" \/>\n\t<meta name=\"twitter:data1\" content=\"1 Minute\" \/>\n<script type=\"application\/ld+json\" class=\"yoast-schema-graph\">{\"@context\":\"https:\/\/schema.org\",\"@graph\":[{\"@type\":\"WebPage\",\"@id\":\"https:\/\/www.erbbrot.it\/de\/lieferservice\/\",\"url\":\"https:\/\/www.erbbrot.it\/de\/lieferservice\/\",\"name\":\"Gastroservice, Lieferservice, Hotelservice | Erbbrot Meran - S\u00fcdtirol\",\"isPartOf\":{\"@id\":\"https:\/\/www.erbbrot.it\/de\/#website\"},\"datePublished\":\"2016-12-23T09:19:05+00:00\",\"dateModified\":\"2020-11-13T15:28:58+00:00\",\"breadcrumb\":{\"@id\":\"https:\/\/www.erbbrot.it\/de\/lieferservice\/#breadcrumb\"},\"inLanguage\":\"de-DE\",\"potentialAction\":[{\"@type\":\"ReadAction\",\"target\":[\"https:\/\/www.erbbrot.it\/de\/lieferservice\/\"]}]},{\"@type\":\"BreadcrumbList\",\"@id\":\"https:\/\/www.erbbrot.it\/de\/lieferservice\/#breadcrumb\",\"itemListElement\":[{\"@type\":\"ListItem\",\"position\":1,\"name\":\"Startseite\",\"item\":\"https:\/\/www.erbbrot.it\/de\/\"},{\"@type\":\"ListItem\",\"position\":2,\"name\":\"Lieferservice\"}]},{\"@type\":\"WebSite\",\"@id\":\"https:\/\/www.erbbrot.it\/de\/#website\",\"url\":\"https:\/\/www.erbbrot.it\/de\/\",\"name\":\"Erb Meran\",\"description\":\"Die Meraner Handwerksb\u00e4ckerei und -konditorei\",\"publisher\":{\"@id\":\"https:\/\/www.erbbrot.it\/de\/#organization\"},\"potentialAction\":[{\"@type\":\"SearchAction\",\"target\":{\"@type\":\"EntryPoint\",\"urlTemplate\":\"https:\/\/www.erbbrot.it\/de\/?s={search_term_string}\"},\"query-input\":\"required name=search_term_string\"}],\"inLanguage\":\"de-DE\"},{\"@type\":\"Organization\",\"@id\":\"https:\/\/www.erbbrot.it\/de\/#organization\",\"name\":\"Erb GmbH\",\"url\":\"https:\/\/www.erbbrot.it\/de\/\",\"logo\":{\"@type\":\"ImageObject\",\"inLanguage\":\"de-DE\",\"@id\":\"https:\/\/www.erbbrot.it\/de\/#\/schema\/logo\/image\/\",\"url\":\"https:\/\/www.erbbrot.it\/wp-content\/uploads\/favicon-v4.png\",\"contentUrl\":\"https:\/\/www.erbbrot.it\/wp-content\/uploads\/favicon-v4.png\",\"width\":200,\"height\":200,\"caption\":\"Erb GmbH\"},\"image\":{\"@id\":\"https:\/\/www.erbbrot.it\/de\/#\/schema\/logo\/image\/\"},\"sameAs\":[\"https:\/\/www.facebook.com\/Erbbrot\/\"]}]}<\/script>\n<!-- \/ Yoast SEO plugin. -->","yoast_head_json":{"title":"Gastroservice, Lieferservice, Hotelservice | Erbbrot Meran - S\u00fcdtirol","robots":{"index":"index","follow":"follow","max-snippet":"max-snippet:-1","max-image-preview":"max-image-preview:large","max-video-preview":"max-video-preview:-1"},"canonical":"https:\/\/www.erbbrot.it\/de\/lieferservice\/","og_locale":"de_DE","og_type":"article","og_title":"Gastroservice, Lieferservice, Hotelservice | Erbbrot Meran - S\u00fcdtirol","og_description":"Fr\u00fchst\u00fcckslieferservice Wir LIEFERN zum VERW\u00d6HNEN! \u00dcberraschen Sie Ihre Lieben mit einem Genie\u00dfer-FR\u00dcHST\u00dcCK frisch aus der Meraner Handwerksb\u00e4ckerei!!! Wir liefern zwischen 7 und 10 Uhr oder nach Vereinbarung Wir freuen uns auf eure BESTELLUNG: Tel. 0473 230655 oder bestellung@erbbrot.it Mehr erfahren&#8230; Tortenlieferservice Wir liefern handgemachte Torten zu Ihnen nach Hause (Meran und Umgebung). Wir freuen uns [&hellip;]","og_url":"https:\/\/www.erbbrot.it\/de\/lieferservice\/","og_site_name":"Erb Meran","article_publisher":"https:\/\/www.facebook.com\/Erbbrot\/","article_modified_time":"2020-11-13T15:28:58+00:00","og_image":[{"width":1920,"height":1245,"url":"https:\/\/www.erbbrot.it\/wp-content\/uploads\/lieferservice.jpg","type":"image\/jpeg"}],"twitter_card":"summary_large_image","twitter_misc":{"Est. reading time":"1 Minute"},"schema":{"@context":"https:\/\/schema.org","@graph":[{"@type":"WebPage","@id":"https:\/\/www.erbbrot.it\/de\/lieferservice\/","url":"https:\/\/www.erbbrot.it\/de\/lieferservice\/","name":"Gastroservice, Lieferservice, Hotelservice | Erbbrot Meran - S\u00fcdtirol","isPartOf":{"@id":"https:\/\/www.erbbrot.it\/de\/#website"},"datePublished":"2016-12-23T09:19:05+00:00","dateModified":"2020-11-13T15:28:58+00:00","breadcrumb":{"@id":"https:\/\/www.erbbrot.it\/de\/lieferservice\/#breadcrumb"},"inLanguage":"de-DE","potentialAction":[{"@type":"ReadAction","target":["https:\/\/www.erbbrot.it\/de\/lieferservice\/"]}]},{"@type":"BreadcrumbList","@id":"https:\/\/www.erbbrot.it\/de\/lieferservice\/#breadcrumb","itemListElement":[{"@type":"ListItem","position":1,"name":"Startseite","item":"https:\/\/www.erbbrot.it\/de\/"},{"@type":"ListItem","position":2,"name":"Lieferservice"}]},{"@type":"WebSite","@id":"https:\/\/www.erbbrot.it\/de\/#website","url":"https:\/\/www.erbbrot.it\/de\/","name":"Erb Meran","description":"Die Meraner Handwerksb\u00e4ckerei und -konditorei","publisher":{"@id":"https:\/\/www.erbbrot.it\/de\/#organization"},"potentialAction":[{"@type":"SearchAction","target":{"@type":"EntryPoint","urlTemplate":"https:\/\/www.erbbrot.it\/de\/?s={search_term_string}"},"query-input":"required name=search_term_string"}],"inLanguage":"de-DE"},{"@type":"Organization","@id":"https:\/\/www.erbbrot.it\/de\/#organization","name":"Erb GmbH","url":"https:\/\/www.erbbrot.it\/de\/","logo":{"@type":"ImageObject","inLanguage":"de-DE","@id":"https:\/\/www.erbbrot.it\/de\/#\/schema\/logo\/image\/","url":"https:\/\/www.erbbrot.it\/wp-content\/uploads\/favicon-v4.png","contentUrl":"https:\/\/www.erbbrot.it\/wp-content\/uploads\/favicon-v4.png","width":200,"height":200,"caption":"Erb GmbH"},"image":{"@id":"https:\/\/www.erbbrot.it\/de\/#\/schema\/logo\/image\/"},"sameAs":["https:\/\/www.facebook.com\/Erbbrot\/"]}]}},"_links":{"self":[{"href":"https:\/\/www.erbbrot.it\/de\/wp-json\/wp\/v2\/pages\/1293"}],"collection":[{"href":"https:\/\/www.erbbrot.it\/de\/wp-json\/wp\/v2\/pages"}],"about":[{"href":"https:\/\/www.erbbrot.it\/de\/wp-json\/wp\/v2\/types\/page"}],"author":[{"embeddable":true,"href":"https:\/\/www.erbbrot.it\/de\/wp-json\/wp\/v2\/users\/1"}],"replies":[{"embeddable":true,"href":"https:\/\/www.erbbrot.it\/de\/wp-json\/wp\/v2\/comments?post=1293"}],"version-history":[{"count":14,"href":"https:\/\/www.erbbrot.it\/de\/wp-json\/wp\/v2\/pages\/1293\/revisions"}],"predecessor-version":[{"id":6222,"href":"https:\/\/www.erbbrot.it\/de\/wp-json\/wp\/v2\/pages\/1293\/revisions\/6222"}],"wp:featuredmedia":[{"embeddable":true,"href":"https:\/\/www.erbbrot.it\/de\/wp-json\/wp\/v2\/media\/2745"}],"wp:attachment":[{"href":"https:\/\/www.erbbrot.it\/de\/wp-json\/wp\/v2\/media?parent=1293"}],"curies":[{"name":"wp","href":"https:\/\/api.w.org\/{rel}","templated":true}]}}