{"id":4828,"date":"2018-02-07T10:00:35","date_gmt":"2018-02-07T09:00:35","guid":{"rendered":"https:\/\/www.erbbrot.it\/?page_id=4828"},"modified":"2025-03-18T15:43:57","modified_gmt":"2025-03-18T14:43:57","slug":"erb-cafeteria","status":"publish","type":"page","link":"https:\/\/www.erbbrot.it\/de\/erb-cafeteria\/","title":{"rendered":"Cafeteria"},"content":{"rendered":"<p><strong>Die Cafeteria Erb im Herzen Merans<\/strong><\/p>\n<p class=\"p1\">Reinkommen und sich wohlf\u00fchlen: die neue Cafeteria Erb ist Brotladen und Kaffee in einem! Das stimmungsvolle Ambiente mit viel Licht und angenehmen Materialien ist genau der richtige Ort, um in Ruhe bei einer Tasse Kaffee oder Tee den Blick auf das Kurhaus und die Freiheitsstra\u00dfe zu genie\u00dfen. Neben frischem Brot, Geb\u00e4ck und Kuchenschnitten aus unserer Meraner Handwerks-b\u00e4ckerei und -konditorei werden auch kleine Gerichte wie schmackhafte Pizzetten und belegte Brote angeboten. Au\u00dferdem frisch gepresste S\u00e4fte, ausgesuchte Weine und Prosecco.<\/p>\n<p class=\"p1\">Wir freuen uns auf Ihren Besuch!<br \/>\nGe\u00f6ffnet Montag bis Samstag von 7 bis 19 Uhr und Sonntag von 7 bis 13 Uhr.<br \/>\nMeran, Freiheitsstra\u00dfe 46 &#8211; Tel. +39 0473 055470<\/p>\n<p>&nbsp;<\/p>\n<p><iframe loading=\"lazy\" src=\"https:\/\/www.youtube.com\/embed\/2CbxZvnlVSg\" width=\"1080\" height=\"608\" frameborder=\"0\" allowfullscreen=\"allowfullscreen\"><span data-mce-type=\"bookmark\" style=\"display: inline-block; width: 0px; overflow: hidden; line-height: 0;\" class=\"mce_SELRES_start\">\ufeff<\/span><span data-mce-type=\"bookmark\" style=\"display: inline-block; width: 0px; overflow: hidden; line-height: 0;\" class=\"mce_SELRES_start\">\ufeff<\/span><span data-mce-type=\"bookmark\" style=\"display: inline-block; width: 0px; overflow: hidden; line-height: 0;\" class=\"mce_SELRES_start\">\ufeff<\/span><span data-mce-type=\"bookmark\" style=\"display: inline-block; width: 0px; overflow: hidden; line-height: 0;\" class=\"mce_SELRES_start\">\ufeff<\/span><span data-mce-type=\"bookmark\" style=\"display: inline-block; width: 0px; overflow: hidden; line-height: 0;\" class=\"mce_SELRES_start\">\ufeff<\/span><\/iframe><br \/>\n<img loading=\"lazy\" decoding=\"async\" class=\"alignnone wp-image-5676 size-full\" src=\"https:\/\/www.erbbrot.it\/wp-content\/uploads\/cafeteria-collage-juni-2019.jpg\" alt=\"\" width=\"1080\" height=\"1500\" data-headline=\"Erb-Cafeteria-Collage-neu\" srcset=\"https:\/\/www.erbbrot.it\/wp-content\/uploads\/cafeteria-collage-juni-2019.jpg 1080w, https:\/\/www.erbbrot.it\/wp-content\/uploads\/cafeteria-collage-juni-2019-216x300.jpg 216w, https:\/\/www.erbbrot.it\/wp-content\/uploads\/cafeteria-collage-juni-2019-768x1067.jpg 768w, https:\/\/www.erbbrot.it\/wp-content\/uploads\/cafeteria-collage-juni-2019-737x1024.jpg 737w, https:\/\/www.erbbrot.it\/wp-content\/uploads\/cafeteria-collage-juni-2019-900x1250.jpg 900w, https:\/\/www.erbbrot.it\/wp-content\/uploads\/cafeteria-collage-juni-2019-600x833.jpg 600w, https:\/\/www.erbbrot.it\/wp-content\/uploads\/cafeteria-collage-juni-2019-420x583.jpg 420w, https:\/\/www.erbbrot.it\/wp-content\/uploads\/cafeteria-collage-juni-2019-450x625.jpg 450w, https:\/\/www.erbbrot.it\/wp-content\/uploads\/cafeteria-collage-juni-2019-455x632.jpg 455w, https:\/\/www.erbbrot.it\/wp-content\/uploads\/cafeteria-collage-juni-2019-640x889.jpg 640w\" sizes=\"(max-width: 1080px) 100vw, 1080px\" \/><\/p>\n","protected":false},"excerpt":{"rendered":"<p>Die Cafeteria Erb im Herzen Merans Reinkommen und sich wohlf\u00fchlen: die neue Cafeteria Erb ist Brotladen und Kaffee in einem! Das stimmungsvolle Ambiente mit viel Licht und angenehmen Materialien ist genau der richtige Ort, um in Ruhe bei einer Tasse Kaffee oder Tee den Blick auf das Kurhaus und die Freiheitsstra\u00dfe zu genie\u00dfen. Neben frischem [&hellip;]<\/p>\n","protected":false},"author":2,"featured_media":0,"parent":0,"menu_order":0,"comment_status":"closed","ping_status":"closed","template":"","meta":{"_acf_changed":false,"footnotes":""},"acf":[],"yoast_head":"<!-- This site is optimized with the Yoast SEO plugin v22.1 - https:\/\/yoast.com\/wordpress\/plugins\/seo\/ -->\n<title>Cafeteria - Erb Meran<\/title>\n<meta name=\"description\" content=\"Die Cafeteria Erb im Herzen Merans ist Brotladen &amp; Kaffee in einem! Gegen\u00fcber dem Kurhaus, backfrisches Brot, Spezialit\u00e4ten und Snacks.\" \/>\n<meta name=\"robots\" content=\"index, follow, max-snippet:-1, max-image-preview:large, max-video-preview:-1\" \/>\n<link rel=\"canonical\" href=\"https:\/\/www.erbbrot.it\/de\/erb-cafeteria\/\" \/>\n<meta property=\"og:locale\" content=\"de_DE\" \/>\n<meta property=\"og:type\" content=\"article\" \/>\n<meta property=\"og:title\" content=\"Cafeteria - Erb Meran\" \/>\n<meta property=\"og:description\" content=\"Die Cafeteria Erb im Herzen Merans ist Brotladen &amp; Kaffee in einem! Gegen\u00fcber dem Kurhaus, backfrisches Brot, Spezialit\u00e4ten und Snacks.\" \/>\n<meta property=\"og:url\" content=\"https:\/\/www.erbbrot.it\/de\/erb-cafeteria\/\" \/>\n<meta property=\"og:site_name\" content=\"Erb Meran\" \/>\n<meta property=\"article:publisher\" content=\"https:\/\/www.facebook.com\/Erbbrot\/\" \/>\n<meta property=\"article:modified_time\" content=\"2025-03-18T14:43:57+00:00\" \/>\n<meta property=\"og:image\" content=\"https:\/\/www.erbbrot.it\/wp-content\/uploads\/cafeteria-collage-juni-2019.jpg\" \/>\n<meta name=\"twitter:card\" content=\"summary_large_image\" \/>\n<meta name=\"twitter:label1\" content=\"Est. reading time\" \/>\n\t<meta name=\"twitter:data1\" content=\"1 Minute\" \/>\n<script type=\"application\/ld+json\" class=\"yoast-schema-graph\">{\"@context\":\"https:\/\/schema.org\",\"@graph\":[{\"@type\":\"WebPage\",\"@id\":\"https:\/\/www.erbbrot.it\/de\/erb-cafeteria\/\",\"url\":\"https:\/\/www.erbbrot.it\/de\/erb-cafeteria\/\",\"name\":\"Cafeteria - Erb Meran\",\"isPartOf\":{\"@id\":\"https:\/\/www.erbbrot.it\/de\/#website\"},\"datePublished\":\"2018-02-07T09:00:35+00:00\",\"dateModified\":\"2025-03-18T14:43:57+00:00\",\"description\":\"Die Cafeteria Erb im Herzen Merans ist Brotladen & Kaffee in einem! Gegen\u00fcber dem Kurhaus, backfrisches Brot, Spezialit\u00e4ten und Snacks.\",\"breadcrumb\":{\"@id\":\"https:\/\/www.erbbrot.it\/de\/erb-cafeteria\/#breadcrumb\"},\"inLanguage\":\"de-DE\",\"potentialAction\":[{\"@type\":\"ReadAction\",\"target\":[\"https:\/\/www.erbbrot.it\/de\/erb-cafeteria\/\"]}]},{\"@type\":\"BreadcrumbList\",\"@id\":\"https:\/\/www.erbbrot.it\/de\/erb-cafeteria\/#breadcrumb\",\"itemListElement\":[{\"@type\":\"ListItem\",\"position\":1,\"name\":\"Startseite\",\"item\":\"https:\/\/www.erbbrot.it\/de\/\"},{\"@type\":\"ListItem\",\"position\":2,\"name\":\"Cafeteria\"}]},{\"@type\":\"WebSite\",\"@id\":\"https:\/\/www.erbbrot.it\/de\/#website\",\"url\":\"https:\/\/www.erbbrot.it\/de\/\",\"name\":\"Erb Meran\",\"description\":\"Die Meraner Handwerksb\u00e4ckerei und -konditorei\",\"publisher\":{\"@id\":\"https:\/\/www.erbbrot.it\/de\/#organization\"},\"potentialAction\":[{\"@type\":\"SearchAction\",\"target\":{\"@type\":\"EntryPoint\",\"urlTemplate\":\"https:\/\/www.erbbrot.it\/de\/?s={search_term_string}\"},\"query-input\":\"required name=search_term_string\"}],\"inLanguage\":\"de-DE\"},{\"@type\":\"Organization\",\"@id\":\"https:\/\/www.erbbrot.it\/de\/#organization\",\"name\":\"Erb GmbH\",\"url\":\"https:\/\/www.erbbrot.it\/de\/\",\"logo\":{\"@type\":\"ImageObject\",\"inLanguage\":\"de-DE\",\"@id\":\"https:\/\/www.erbbrot.it\/de\/#\/schema\/logo\/image\/\",\"url\":\"https:\/\/www.erbbrot.it\/wp-content\/uploads\/favicon-v4.png\",\"contentUrl\":\"https:\/\/www.erbbrot.it\/wp-content\/uploads\/favicon-v4.png\",\"width\":200,\"height\":200,\"caption\":\"Erb GmbH\"},\"image\":{\"@id\":\"https:\/\/www.erbbrot.it\/de\/#\/schema\/logo\/image\/\"},\"sameAs\":[\"https:\/\/www.facebook.com\/Erbbrot\/\"]}]}<\/script>\n<!-- \/ Yoast SEO plugin. -->","yoast_head_json":{"title":"Cafeteria - Erb Meran","description":"Die Cafeteria Erb im Herzen Merans ist Brotladen & Kaffee in einem! Gegen\u00fcber dem Kurhaus, backfrisches Brot, Spezialit\u00e4ten und Snacks.","robots":{"index":"index","follow":"follow","max-snippet":"max-snippet:-1","max-image-preview":"max-image-preview:large","max-video-preview":"max-video-preview:-1"},"canonical":"https:\/\/www.erbbrot.it\/de\/erb-cafeteria\/","og_locale":"de_DE","og_type":"article","og_title":"Cafeteria - Erb Meran","og_description":"Die Cafeteria Erb im Herzen Merans ist Brotladen & Kaffee in einem! Gegen\u00fcber dem Kurhaus, backfrisches Brot, Spezialit\u00e4ten und Snacks.","og_url":"https:\/\/www.erbbrot.it\/de\/erb-cafeteria\/","og_site_name":"Erb Meran","article_publisher":"https:\/\/www.facebook.com\/Erbbrot\/","article_modified_time":"2025-03-18T14:43:57+00:00","og_image":[{"url":"https:\/\/www.erbbrot.it\/wp-content\/uploads\/cafeteria-collage-juni-2019.jpg"}],"twitter_card":"summary_large_image","twitter_misc":{"Est. reading time":"1 Minute"},"schema":{"@context":"https:\/\/schema.org","@graph":[{"@type":"WebPage","@id":"https:\/\/www.erbbrot.it\/de\/erb-cafeteria\/","url":"https:\/\/www.erbbrot.it\/de\/erb-cafeteria\/","name":"Cafeteria - Erb Meran","isPartOf":{"@id":"https:\/\/www.erbbrot.it\/de\/#website"},"datePublished":"2018-02-07T09:00:35+00:00","dateModified":"2025-03-18T14:43:57+00:00","description":"Die Cafeteria Erb im Herzen Merans ist Brotladen & Kaffee in einem! Gegen\u00fcber dem Kurhaus, backfrisches Brot, Spezialit\u00e4ten und Snacks.","breadcrumb":{"@id":"https:\/\/www.erbbrot.it\/de\/erb-cafeteria\/#breadcrumb"},"inLanguage":"de-DE","potentialAction":[{"@type":"ReadAction","target":["https:\/\/www.erbbrot.it\/de\/erb-cafeteria\/"]}]},{"@type":"BreadcrumbList","@id":"https:\/\/www.erbbrot.it\/de\/erb-cafeteria\/#breadcrumb","itemListElement":[{"@type":"ListItem","position":1,"name":"Startseite","item":"https:\/\/www.erbbrot.it\/de\/"},{"@type":"ListItem","position":2,"name":"Cafeteria"}]},{"@type":"WebSite","@id":"https:\/\/www.erbbrot.it\/de\/#website","url":"https:\/\/www.erbbrot.it\/de\/","name":"Erb Meran","description":"Die Meraner Handwerksb\u00e4ckerei und -konditorei","publisher":{"@id":"https:\/\/www.erbbrot.it\/de\/#organization"},"potentialAction":[{"@type":"SearchAction","target":{"@type":"EntryPoint","urlTemplate":"https:\/\/www.erbbrot.it\/de\/?s={search_term_string}"},"query-input":"required name=search_term_string"}],"inLanguage":"de-DE"},{"@type":"Organization","@id":"https:\/\/www.erbbrot.it\/de\/#organization","name":"Erb GmbH","url":"https:\/\/www.erbbrot.it\/de\/","logo":{"@type":"ImageObject","inLanguage":"de-DE","@id":"https:\/\/www.erbbrot.it\/de\/#\/schema\/logo\/image\/","url":"https:\/\/www.erbbrot.it\/wp-content\/uploads\/favicon-v4.png","contentUrl":"https:\/\/www.erbbrot.it\/wp-content\/uploads\/favicon-v4.png","width":200,"height":200,"caption":"Erb GmbH"},"image":{"@id":"https:\/\/www.erbbrot.it\/de\/#\/schema\/logo\/image\/"},"sameAs":["https:\/\/www.facebook.com\/Erbbrot\/"]}]}},"_links":{"self":[{"href":"https:\/\/www.erbbrot.it\/de\/wp-json\/wp\/v2\/pages\/4828"}],"collection":[{"href":"https:\/\/www.erbbrot.it\/de\/wp-json\/wp\/v2\/pages"}],"about":[{"href":"https:\/\/www.erbbrot.it\/de\/wp-json\/wp\/v2\/types\/page"}],"author":[{"embeddable":true,"href":"https:\/\/www.erbbrot.it\/de\/wp-json\/wp\/v2\/users\/2"}],"replies":[{"embeddable":true,"href":"https:\/\/www.erbbrot.it\/de\/wp-json\/wp\/v2\/comments?post=4828"}],"version-history":[{"count":26,"href":"https:\/\/www.erbbrot.it\/de\/wp-json\/wp\/v2\/pages\/4828\/revisions"}],"predecessor-version":[{"id":9392,"href":"https:\/\/www.erbbrot.it\/de\/wp-json\/wp\/v2\/pages\/4828\/revisions\/9392"}],"wp:attachment":[{"href":"https:\/\/www.erbbrot.it\/de\/wp-json\/wp\/v2\/media?parent=4828"}],"curies":[{"name":"wp","href":"https:\/\/api.w.org\/{rel}","templated":true}]}}