{"id":6140,"date":"2020-11-13T12:09:34","date_gmt":"2020-11-13T11:09:34","guid":{"rendered":"https:\/\/www.erbbrot.it\/?page_id=6140"},"modified":"2026-02-09T16:04:59","modified_gmt":"2026-02-09T15:04:59","slug":"erb-fruehstueckslieferung","status":"publish","type":"page","link":"https:\/\/www.erbbrot.it\/de\/erb-fruehstueckslieferung\/","title":{"rendered":"ERB-Fr\u00fchst\u00fcckslieferung"},"content":{"rendered":"<h3>Wir LIEFERN zum VERW\u00d6HNEN!<\/h3>\n<p>\u00dcberraschen Sie Ihre Lieben mit einem Genie\u00dfer-FR\u00dcHST\u00dcCK<br \/>\nfrisch aus der Meraner Handwerksb\u00e4ckerei!!!<\/p>\n<p><strong>Wir liefern zwischen 7 und 10 Uhr<\/strong><br \/>\noder nach Vereinbarung (z.Zt. au\u00dfer Sonntag)<\/p>\n<p><span style=\"color: #9c7629;\"><strong>24,90 \u20ac<\/strong><\/span> pro Person<br \/>\nab 2 Personen ist die Lieferung kostenlos.<\/p>\n<p><span style=\"color: #9c7629;\"><strong>Wir freuen uns auf eure BESTELLUNG:<\/strong><\/span><br \/>\nTel. 0473 230655 oder <a href=\"mailto:bestellung@erbbrot.it\">bestellung@erbbrot.it<\/a><\/p>\n<hr \/>\n<p><span style=\"color: #999999;\"><strong>Unser GENIESSER-FR\u00dcHST\u00dcCK:<img loading=\"lazy\" decoding=\"async\" class=\"alignright wp-image-6150 size-full\" src=\"https:\/\/www.erbbrot.it\/wp-content\/uploads\/fruehstueck-lieferung3-620x310px.jpg\" alt=\"Fruehstueck-Lieferung3\" width=\"620\" height=\"310\" data-headline=\"Fruehstueck-Lieferung3\" srcset=\"https:\/\/www.erbbrot.it\/wp-content\/uploads\/fruehstueck-lieferung3-620x310px.jpg 620w, https:\/\/www.erbbrot.it\/wp-content\/uploads\/fruehstueck-lieferung3-620x310px-300x150.jpg 300w, https:\/\/www.erbbrot.it\/wp-content\/uploads\/fruehstueck-lieferung3-620x310px-600x300.jpg 600w, https:\/\/www.erbbrot.it\/wp-content\/uploads\/fruehstueck-lieferung3-620x310px-420x210.jpg 420w, https:\/\/www.erbbrot.it\/wp-content\/uploads\/fruehstueck-lieferung3-620x310px-450x225.jpg 450w, https:\/\/www.erbbrot.it\/wp-content\/uploads\/fruehstueck-lieferung3-620x310px-455x228.jpg 455w\" sizes=\"(max-width: 620px) 100vw, 620px\" \/><\/strong><\/span><\/p>\n<p>2 Br\u00f6tchen, 1 Croissant, 1 Butter,<br \/>\n1 Joghurt mit M\u00fcsli, 1 Ei,<br \/>\n1 Prosecco, 1 frisch gepresster Saft,<br \/>\n1 Teller mit Schinken, K\u00e4se und Speck,<br \/>\n2x wahlweise: Nutella, Marmelade oder Honig<\/p>\n<p>&nbsp;<\/p>\n","protected":false},"excerpt":{"rendered":"<p>Wir LIEFERN zum VERW\u00d6HNEN! \u00dcberraschen Sie Ihre Lieben mit einem Genie\u00dfer-FR\u00dcHST\u00dcCK frisch aus der Meraner Handwerksb\u00e4ckerei!!! Wir liefern zwischen 7 und 10 Uhr oder nach Vereinbarung (z.Zt. au\u00dfer Sonntag) 24,90 \u20ac pro Person ab 2 Personen ist die Lieferung kostenlos. Wir freuen uns auf eure BESTELLUNG: Tel. 0473 230655 oder bestellung@erbbrot.it Unser GENIESSER-FR\u00dcHST\u00dcCK: 2 Br\u00f6tchen, [&hellip;]<\/p>\n","protected":false},"author":2,"featured_media":0,"parent":0,"menu_order":0,"comment_status":"closed","ping_status":"closed","template":"","meta":{"_acf_changed":false,"footnotes":""},"acf":[],"yoast_head":"<!-- This site is optimized with the Yoast SEO plugin v22.1 - https:\/\/yoast.com\/wordpress\/plugins\/seo\/ -->\n<title>ERB-Fr\u00fchst\u00fcckslieferung - Erb Meran<\/title>\n<meta name=\"description\" content=\"\u00dcberraschen Sie Ihre Lieben mit einem Genie\u00dfer-FR\u00dcHST\u00dcCK frisch aus der Meraner Handwerksb\u00e4ckerei Erb! Wir liefern: Tel. 0473 230655\" \/>\n<meta name=\"robots\" content=\"index, follow, max-snippet:-1, max-image-preview:large, max-video-preview:-1\" \/>\n<link rel=\"canonical\" href=\"https:\/\/www.erbbrot.it\/de\/erb-fruehstueckslieferung\/\" \/>\n<meta property=\"og:locale\" content=\"de_DE\" \/>\n<meta property=\"og:type\" content=\"article\" \/>\n<meta property=\"og:title\" content=\"ERB-Fr\u00fchst\u00fcckslieferung - Erb Meran\" \/>\n<meta property=\"og:description\" content=\"\u00dcberraschen Sie Ihre Lieben mit einem Genie\u00dfer-FR\u00dcHST\u00dcCK frisch aus der Meraner Handwerksb\u00e4ckerei Erb! Wir liefern: Tel. 0473 230655\" \/>\n<meta property=\"og:url\" content=\"https:\/\/www.erbbrot.it\/de\/erb-fruehstueckslieferung\/\" \/>\n<meta property=\"og:site_name\" content=\"Erb Meran\" \/>\n<meta property=\"article:publisher\" content=\"https:\/\/www.facebook.com\/Erbbrot\/\" \/>\n<meta property=\"article:modified_time\" content=\"2026-02-09T15:04:59+00:00\" \/>\n<meta property=\"og:image\" content=\"https:\/\/www.erbbrot.it\/wp-content\/uploads\/fruehstueck-lieferung3-620x310px.jpg\" \/>\n<meta name=\"twitter:card\" content=\"summary_large_image\" \/>\n<meta name=\"twitter:label1\" content=\"Est. reading time\" \/>\n\t<meta name=\"twitter:data1\" content=\"1 Minute\" \/>\n<script type=\"application\/ld+json\" class=\"yoast-schema-graph\">{\"@context\":\"https:\/\/schema.org\",\"@graph\":[{\"@type\":\"WebPage\",\"@id\":\"https:\/\/www.erbbrot.it\/de\/erb-fruehstueckslieferung\/\",\"url\":\"https:\/\/www.erbbrot.it\/de\/erb-fruehstueckslieferung\/\",\"name\":\"ERB-Fr\u00fchst\u00fcckslieferung - Erb Meran\",\"isPartOf\":{\"@id\":\"https:\/\/www.erbbrot.it\/de\/#website\"},\"datePublished\":\"2020-11-13T11:09:34+00:00\",\"dateModified\":\"2026-02-09T15:04:59+00:00\",\"description\":\"\u00dcberraschen Sie Ihre Lieben mit einem Genie\u00dfer-FR\u00dcHST\u00dcCK frisch aus der Meraner Handwerksb\u00e4ckerei Erb! Wir liefern: Tel. 0473 230655\",\"breadcrumb\":{\"@id\":\"https:\/\/www.erbbrot.it\/de\/erb-fruehstueckslieferung\/#breadcrumb\"},\"inLanguage\":\"de-DE\",\"potentialAction\":[{\"@type\":\"ReadAction\",\"target\":[\"https:\/\/www.erbbrot.it\/de\/erb-fruehstueckslieferung\/\"]}]},{\"@type\":\"BreadcrumbList\",\"@id\":\"https:\/\/www.erbbrot.it\/de\/erb-fruehstueckslieferung\/#breadcrumb\",\"itemListElement\":[{\"@type\":\"ListItem\",\"position\":1,\"name\":\"Startseite\",\"item\":\"https:\/\/www.erbbrot.it\/de\/\"},{\"@type\":\"ListItem\",\"position\":2,\"name\":\"ERB-Fr\u00fchst\u00fcckslieferung\"}]},{\"@type\":\"WebSite\",\"@id\":\"https:\/\/www.erbbrot.it\/de\/#website\",\"url\":\"https:\/\/www.erbbrot.it\/de\/\",\"name\":\"Erb Meran\",\"description\":\"Die Meraner Handwerksb\u00e4ckerei und -konditorei\",\"publisher\":{\"@id\":\"https:\/\/www.erbbrot.it\/de\/#organization\"},\"potentialAction\":[{\"@type\":\"SearchAction\",\"target\":{\"@type\":\"EntryPoint\",\"urlTemplate\":\"https:\/\/www.erbbrot.it\/de\/?s={search_term_string}\"},\"query-input\":\"required name=search_term_string\"}],\"inLanguage\":\"de-DE\"},{\"@type\":\"Organization\",\"@id\":\"https:\/\/www.erbbrot.it\/de\/#organization\",\"name\":\"Erb GmbH\",\"url\":\"https:\/\/www.erbbrot.it\/de\/\",\"logo\":{\"@type\":\"ImageObject\",\"inLanguage\":\"de-DE\",\"@id\":\"https:\/\/www.erbbrot.it\/de\/#\/schema\/logo\/image\/\",\"url\":\"https:\/\/www.erbbrot.it\/wp-content\/uploads\/favicon-v4.png\",\"contentUrl\":\"https:\/\/www.erbbrot.it\/wp-content\/uploads\/favicon-v4.png\",\"width\":200,\"height\":200,\"caption\":\"Erb GmbH\"},\"image\":{\"@id\":\"https:\/\/www.erbbrot.it\/de\/#\/schema\/logo\/image\/\"},\"sameAs\":[\"https:\/\/www.facebook.com\/Erbbrot\/\"]}]}<\/script>\n<!-- \/ Yoast SEO plugin. -->","yoast_head_json":{"title":"ERB-Fr\u00fchst\u00fcckslieferung - Erb Meran","description":"\u00dcberraschen Sie Ihre Lieben mit einem Genie\u00dfer-FR\u00dcHST\u00dcCK frisch aus der Meraner Handwerksb\u00e4ckerei Erb! Wir liefern: Tel. 0473 230655","robots":{"index":"index","follow":"follow","max-snippet":"max-snippet:-1","max-image-preview":"max-image-preview:large","max-video-preview":"max-video-preview:-1"},"canonical":"https:\/\/www.erbbrot.it\/de\/erb-fruehstueckslieferung\/","og_locale":"de_DE","og_type":"article","og_title":"ERB-Fr\u00fchst\u00fcckslieferung - Erb Meran","og_description":"\u00dcberraschen Sie Ihre Lieben mit einem Genie\u00dfer-FR\u00dcHST\u00dcCK frisch aus der Meraner Handwerksb\u00e4ckerei Erb! Wir liefern: Tel. 0473 230655","og_url":"https:\/\/www.erbbrot.it\/de\/erb-fruehstueckslieferung\/","og_site_name":"Erb Meran","article_publisher":"https:\/\/www.facebook.com\/Erbbrot\/","article_modified_time":"2026-02-09T15:04:59+00:00","og_image":[{"url":"https:\/\/www.erbbrot.it\/wp-content\/uploads\/fruehstueck-lieferung3-620x310px.jpg"}],"twitter_card":"summary_large_image","twitter_misc":{"Est. reading time":"1 Minute"},"schema":{"@context":"https:\/\/schema.org","@graph":[{"@type":"WebPage","@id":"https:\/\/www.erbbrot.it\/de\/erb-fruehstueckslieferung\/","url":"https:\/\/www.erbbrot.it\/de\/erb-fruehstueckslieferung\/","name":"ERB-Fr\u00fchst\u00fcckslieferung - Erb Meran","isPartOf":{"@id":"https:\/\/www.erbbrot.it\/de\/#website"},"datePublished":"2020-11-13T11:09:34+00:00","dateModified":"2026-02-09T15:04:59+00:00","description":"\u00dcberraschen Sie Ihre Lieben mit einem Genie\u00dfer-FR\u00dcHST\u00dcCK frisch aus der Meraner Handwerksb\u00e4ckerei Erb! Wir liefern: Tel. 0473 230655","breadcrumb":{"@id":"https:\/\/www.erbbrot.it\/de\/erb-fruehstueckslieferung\/#breadcrumb"},"inLanguage":"de-DE","potentialAction":[{"@type":"ReadAction","target":["https:\/\/www.erbbrot.it\/de\/erb-fruehstueckslieferung\/"]}]},{"@type":"BreadcrumbList","@id":"https:\/\/www.erbbrot.it\/de\/erb-fruehstueckslieferung\/#breadcrumb","itemListElement":[{"@type":"ListItem","position":1,"name":"Startseite","item":"https:\/\/www.erbbrot.it\/de\/"},{"@type":"ListItem","position":2,"name":"ERB-Fr\u00fchst\u00fcckslieferung"}]},{"@type":"WebSite","@id":"https:\/\/www.erbbrot.it\/de\/#website","url":"https:\/\/www.erbbrot.it\/de\/","name":"Erb Meran","description":"Die Meraner Handwerksb\u00e4ckerei und -konditorei","publisher":{"@id":"https:\/\/www.erbbrot.it\/de\/#organization"},"potentialAction":[{"@type":"SearchAction","target":{"@type":"EntryPoint","urlTemplate":"https:\/\/www.erbbrot.it\/de\/?s={search_term_string}"},"query-input":"required name=search_term_string"}],"inLanguage":"de-DE"},{"@type":"Organization","@id":"https:\/\/www.erbbrot.it\/de\/#organization","name":"Erb GmbH","url":"https:\/\/www.erbbrot.it\/de\/","logo":{"@type":"ImageObject","inLanguage":"de-DE","@id":"https:\/\/www.erbbrot.it\/de\/#\/schema\/logo\/image\/","url":"https:\/\/www.erbbrot.it\/wp-content\/uploads\/favicon-v4.png","contentUrl":"https:\/\/www.erbbrot.it\/wp-content\/uploads\/favicon-v4.png","width":200,"height":200,"caption":"Erb GmbH"},"image":{"@id":"https:\/\/www.erbbrot.it\/de\/#\/schema\/logo\/image\/"},"sameAs":["https:\/\/www.facebook.com\/Erbbrot\/"]}]}},"_links":{"self":[{"href":"https:\/\/www.erbbrot.it\/de\/wp-json\/wp\/v2\/pages\/6140"}],"collection":[{"href":"https:\/\/www.erbbrot.it\/de\/wp-json\/wp\/v2\/pages"}],"about":[{"href":"https:\/\/www.erbbrot.it\/de\/wp-json\/wp\/v2\/types\/page"}],"author":[{"embeddable":true,"href":"https:\/\/www.erbbrot.it\/de\/wp-json\/wp\/v2\/users\/2"}],"replies":[{"embeddable":true,"href":"https:\/\/www.erbbrot.it\/de\/wp-json\/wp\/v2\/comments?post=6140"}],"version-history":[{"count":17,"href":"https:\/\/www.erbbrot.it\/de\/wp-json\/wp\/v2\/pages\/6140\/revisions"}],"predecessor-version":[{"id":9839,"href":"https:\/\/www.erbbrot.it\/de\/wp-json\/wp\/v2\/pages\/6140\/revisions\/9839"}],"wp:attachment":[{"href":"https:\/\/www.erbbrot.it\/de\/wp-json\/wp\/v2\/media?parent=6140"}],"curies":[{"name":"wp","href":"https:\/\/api.w.org\/{rel}","templated":true}]}}