{"id":3829,"date":"2017-02-16T16:09:25","date_gmt":"2017-02-16T15:09:25","guid":{"rendered":"http:\/\/www.erbbrot.it\/?page_id=3829\/"},"modified":"2022-06-24T17:22:05","modified_gmt":"2022-06-24T15:22:05","slug":"filosofia","status":"publish","type":"page","link":"https:\/\/www.erbbrot.it\/it\/filosofia\/","title":{"rendered":"Filosofia"},"content":{"rendered":"<p><strong>Qualit\u00e0 naturale a 360 gradi<\/strong><\/p>\n<p>Ingredienti freschi selezionati, una solida tradizione artigianale e la passione per questa professione sono i fattori da cui trae origine il nostro pane. Perch\u00e9 il buon pane \u00e8 espressione di vita sana. Il vostro benessere ci sta a cuore ed \u00e8 per questo che ci affidiamo a esperti nutrizionisti e alla dietetica tradizionale cinese per realizzare i nostri prodotti che, giorno per giorno, rendono pi\u00f9 piacevole la nostra vita.<\/p>\n<p>Erbbrot vi vizier\u00e0 con il suo pane e i suoi \u201cSemmel\u201d fatti a mano senza additivi, con torte irresistibili come quelle della nonna, oppure con dolci tentazioni del nostro angolo delle specialit\u00e0 . Sar\u00e0 una scelta veramente ardua!<\/p>\n<p><img loading=\"lazy\" decoding=\"async\" class=\"alignnone wp-image-7185 size-large\" src=\"https:\/\/www.erbbrot.it\/wp-content\/uploads\/\/familie-erb-1024x512.jpg\" alt=\"\" width=\"1024\" height=\"512\" data-headline=\"FamilieErb-1600x600px\" srcset=\"https:\/\/www.erbbrot.it\/wp-content\/uploads\/familie-erb-1024x512.jpg 1024w, https:\/\/www.erbbrot.it\/wp-content\/uploads\/familie-erb-300x150.jpg 300w, https:\/\/www.erbbrot.it\/wp-content\/uploads\/familie-erb-768x384.jpg 768w, https:\/\/www.erbbrot.it\/wp-content\/uploads\/familie-erb-1536x768.jpg 1536w, https:\/\/www.erbbrot.it\/wp-content\/uploads\/familie-erb-1200x600.jpg 1200w, https:\/\/www.erbbrot.it\/wp-content\/uploads\/familie-erb-900x450.jpg 900w, https:\/\/www.erbbrot.it\/wp-content\/uploads\/familie-erb-600x300.jpg 600w, https:\/\/www.erbbrot.it\/wp-content\/uploads\/familie-erb-420x210.jpg 420w, https:\/\/www.erbbrot.it\/wp-content\/uploads\/familie-erb-620x310.jpg 620w, https:\/\/www.erbbrot.it\/wp-content\/uploads\/familie-erb-450x225.jpg 450w, https:\/\/www.erbbrot.it\/wp-content\/uploads\/familie-erb-455x228.jpg 455w, https:\/\/www.erbbrot.it\/wp-content\/uploads\/familie-erb-640x320.jpg 640w, https:\/\/www.erbbrot.it\/wp-content\/uploads\/familie-erb-1280x640.jpg 1280w, https:\/\/www.erbbrot.it\/wp-content\/uploads\/familie-erb.jpg 1600w\" sizes=\"(max-width: 1024px) 100vw, 1024px\" \/><\/p>\n<p>Da noi troverete solo il meglio. Famiglia Erb<\/p>\n","protected":false},"excerpt":{"rendered":"<p>Qualit\u00e0 naturale a 360 gradi Ingredienti freschi selezionati, una solida tradizione artigianale e la passione per questa professione sono i fattori da cui trae origine il nostro pane. Perch\u00e9 il buon pane \u00e8 espressione di vita sana. Il vostro benessere ci sta a cuore ed \u00e8 per questo che ci affidiamo a esperti nutrizionisti e [&hellip;]<\/p>\n","protected":false},"author":1,"featured_media":0,"parent":0,"menu_order":0,"comment_status":"closed","ping_status":"closed","template":"","meta":{"_acf_changed":false,"footnotes":""},"acf":[],"yoast_head":"<!-- This site is optimized with the Yoast SEO plugin v22.1 - https:\/\/yoast.com\/wordpress\/plugins\/seo\/ -->\n<title>Filosofia - Pane Merano | Erb Merano<\/title>\n<meta name=\"description\" content=\"Qualit\u00e0 naturale a 360 gradi: ingredienti freschi selezionati, una solida tradizione artigianale e la passione per questa professione!\" \/>\n<meta name=\"robots\" content=\"index, follow, max-snippet:-1, max-image-preview:large, max-video-preview:-1\" \/>\n<link rel=\"canonical\" href=\"https:\/\/www.erbbrot.it\/it\/filosofia\/\" \/>\n<meta property=\"og:locale\" content=\"it_IT\" \/>\n<meta property=\"og:type\" content=\"article\" \/>\n<meta property=\"og:title\" content=\"Filosofia - Pane Merano | Erb Merano\" \/>\n<meta property=\"og:description\" content=\"Qualit\u00e0 naturale a 360 gradi: ingredienti freschi selezionati, una solida tradizione artigianale e la passione per questa professione!\" \/>\n<meta property=\"og:url\" content=\"https:\/\/www.erbbrot.it\/it\/filosofia\/\" \/>\n<meta property=\"og:site_name\" content=\"Erb Merano\" \/>\n<meta property=\"article:publisher\" content=\"https:\/\/www.facebook.com\/Erbbrot\/\" \/>\n<meta property=\"article:modified_time\" content=\"2022-06-24T15:22:05+00:00\" \/>\n<meta property=\"og:image\" content=\"https:\/\/www.erbbrot.it\/wp-content\/uploads\/\/familie-erb-1024x512.jpg\" \/>\n<meta name=\"twitter:card\" content=\"summary_large_image\" \/>\n<meta name=\"twitter:label1\" content=\"Est. reading time\" \/>\n\t<meta name=\"twitter:data1\" content=\"1 minuto\" \/>\n<script type=\"application\/ld+json\" class=\"yoast-schema-graph\">{\"@context\":\"https:\/\/schema.org\",\"@graph\":[{\"@type\":\"WebPage\",\"@id\":\"https:\/\/www.erbbrot.it\/it\/filosofia\/\",\"url\":\"https:\/\/www.erbbrot.it\/it\/filosofia\/\",\"name\":\"Filosofia - Pane Merano | Erb Merano\",\"isPartOf\":{\"@id\":\"https:\/\/www.erbbrot.it\/de\/#website\"},\"datePublished\":\"2017-02-16T15:09:25+00:00\",\"dateModified\":\"2022-06-24T15:22:05+00:00\",\"description\":\"Qualit\u00e0 naturale a 360 gradi: ingredienti freschi selezionati, una solida tradizione artigianale e la passione per questa professione!\",\"breadcrumb\":{\"@id\":\"https:\/\/www.erbbrot.it\/it\/filosofia\/#breadcrumb\"},\"inLanguage\":\"it-IT\",\"potentialAction\":[{\"@type\":\"ReadAction\",\"target\":[\"https:\/\/www.erbbrot.it\/it\/filosofia\/\"]}]},{\"@type\":\"BreadcrumbList\",\"@id\":\"https:\/\/www.erbbrot.it\/it\/filosofia\/#breadcrumb\",\"itemListElement\":[{\"@type\":\"ListItem\",\"position\":1,\"name\":\"Startseite\",\"item\":\"https:\/\/www.erbbrot.it\/it\/\"},{\"@type\":\"ListItem\",\"position\":2,\"name\":\"Filosofia\"}]},{\"@type\":\"WebSite\",\"@id\":\"https:\/\/www.erbbrot.it\/de\/#website\",\"url\":\"https:\/\/www.erbbrot.it\/de\/\",\"name\":\"Erb Merano\",\"description\":\"Panificio e Pasticceria artigianale di Merano\",\"publisher\":{\"@id\":\"https:\/\/www.erbbrot.it\/de\/#organization\"},\"potentialAction\":[{\"@type\":\"SearchAction\",\"target\":{\"@type\":\"EntryPoint\",\"urlTemplate\":\"https:\/\/www.erbbrot.it\/de\/?s={search_term_string}\"},\"query-input\":\"required name=search_term_string\"}],\"inLanguage\":\"it-IT\"},{\"@type\":\"Organization\",\"@id\":\"https:\/\/www.erbbrot.it\/de\/#organization\",\"name\":\"Erb GmbH\",\"url\":\"https:\/\/www.erbbrot.it\/de\/\",\"logo\":{\"@type\":\"ImageObject\",\"inLanguage\":\"it-IT\",\"@id\":\"https:\/\/www.erbbrot.it\/de\/#\/schema\/logo\/image\/\",\"url\":\"https:\/\/www.erbbrot.it\/wp-content\/uploads\/favicon-v4.png\",\"contentUrl\":\"https:\/\/www.erbbrot.it\/wp-content\/uploads\/favicon-v4.png\",\"width\":200,\"height\":200,\"caption\":\"Erb GmbH\"},\"image\":{\"@id\":\"https:\/\/www.erbbrot.it\/de\/#\/schema\/logo\/image\/\"},\"sameAs\":[\"https:\/\/www.facebook.com\/Erbbrot\/\"]}]}<\/script>\n<!-- \/ Yoast SEO plugin. -->","yoast_head_json":{"title":"Filosofia - Pane Merano | Erb Merano","description":"Qualit\u00e0 naturale a 360 gradi: ingredienti freschi selezionati, una solida tradizione artigianale e la passione per questa professione!","robots":{"index":"index","follow":"follow","max-snippet":"max-snippet:-1","max-image-preview":"max-image-preview:large","max-video-preview":"max-video-preview:-1"},"canonical":"https:\/\/www.erbbrot.it\/it\/filosofia\/","og_locale":"it_IT","og_type":"article","og_title":"Filosofia - Pane Merano | Erb Merano","og_description":"Qualit\u00e0 naturale a 360 gradi: ingredienti freschi selezionati, una solida tradizione artigianale e la passione per questa professione!","og_url":"https:\/\/www.erbbrot.it\/it\/filosofia\/","og_site_name":"Erb Merano","article_publisher":"https:\/\/www.facebook.com\/Erbbrot\/","article_modified_time":"2022-06-24T15:22:05+00:00","og_image":[{"url":"https:\/\/www.erbbrot.it\/wp-content\/uploads\/\/familie-erb-1024x512.jpg"}],"twitter_card":"summary_large_image","twitter_misc":{"Est. reading time":"1 minuto"},"schema":{"@context":"https:\/\/schema.org","@graph":[{"@type":"WebPage","@id":"https:\/\/www.erbbrot.it\/it\/filosofia\/","url":"https:\/\/www.erbbrot.it\/it\/filosofia\/","name":"Filosofia - Pane Merano | Erb Merano","isPartOf":{"@id":"https:\/\/www.erbbrot.it\/de\/#website"},"datePublished":"2017-02-16T15:09:25+00:00","dateModified":"2022-06-24T15:22:05+00:00","description":"Qualit\u00e0 naturale a 360 gradi: ingredienti freschi selezionati, una solida tradizione artigianale e la passione per questa professione!","breadcrumb":{"@id":"https:\/\/www.erbbrot.it\/it\/filosofia\/#breadcrumb"},"inLanguage":"it-IT","potentialAction":[{"@type":"ReadAction","target":["https:\/\/www.erbbrot.it\/it\/filosofia\/"]}]},{"@type":"BreadcrumbList","@id":"https:\/\/www.erbbrot.it\/it\/filosofia\/#breadcrumb","itemListElement":[{"@type":"ListItem","position":1,"name":"Startseite","item":"https:\/\/www.erbbrot.it\/it\/"},{"@type":"ListItem","position":2,"name":"Filosofia"}]},{"@type":"WebSite","@id":"https:\/\/www.erbbrot.it\/de\/#website","url":"https:\/\/www.erbbrot.it\/de\/","name":"Erb Merano","description":"Panificio e Pasticceria artigianale di Merano","publisher":{"@id":"https:\/\/www.erbbrot.it\/de\/#organization"},"potentialAction":[{"@type":"SearchAction","target":{"@type":"EntryPoint","urlTemplate":"https:\/\/www.erbbrot.it\/de\/?s={search_term_string}"},"query-input":"required name=search_term_string"}],"inLanguage":"it-IT"},{"@type":"Organization","@id":"https:\/\/www.erbbrot.it\/de\/#organization","name":"Erb GmbH","url":"https:\/\/www.erbbrot.it\/de\/","logo":{"@type":"ImageObject","inLanguage":"it-IT","@id":"https:\/\/www.erbbrot.it\/de\/#\/schema\/logo\/image\/","url":"https:\/\/www.erbbrot.it\/wp-content\/uploads\/favicon-v4.png","contentUrl":"https:\/\/www.erbbrot.it\/wp-content\/uploads\/favicon-v4.png","width":200,"height":200,"caption":"Erb GmbH"},"image":{"@id":"https:\/\/www.erbbrot.it\/de\/#\/schema\/logo\/image\/"},"sameAs":["https:\/\/www.facebook.com\/Erbbrot\/"]}]}},"_links":{"self":[{"href":"https:\/\/www.erbbrot.it\/it\/wp-json\/wp\/v2\/pages\/3829"}],"collection":[{"href":"https:\/\/www.erbbrot.it\/it\/wp-json\/wp\/v2\/pages"}],"about":[{"href":"https:\/\/www.erbbrot.it\/it\/wp-json\/wp\/v2\/types\/page"}],"author":[{"embeddable":true,"href":"https:\/\/www.erbbrot.it\/it\/wp-json\/wp\/v2\/users\/1"}],"replies":[{"embeddable":true,"href":"https:\/\/www.erbbrot.it\/it\/wp-json\/wp\/v2\/comments?post=3829"}],"version-history":[{"count":4,"href":"https:\/\/www.erbbrot.it\/it\/wp-json\/wp\/v2\/pages\/3829\/revisions"}],"predecessor-version":[{"id":7339,"href":"https:\/\/www.erbbrot.it\/it\/wp-json\/wp\/v2\/pages\/3829\/revisions\/7339"}],"wp:attachment":[{"href":"https:\/\/www.erbbrot.it\/it\/wp-json\/wp\/v2\/media?parent=3829"}],"curies":[{"name":"wp","href":"https:\/\/api.w.org\/{rel}","templated":true}]}}